{"id":227,"date":"2020-11-19T14:59:33","date_gmt":"2020-11-19T13:59:33","guid":{"rendered":"https:\/\/klartonlanguages.live-website.com\/?page_id=227"},"modified":"2021-02-16T15:39:38","modified_gmt":"2021-02-16T14:39:38","slug":"mesmerize","status":"publish","type":"page","link":"https:\/\/klarton-languages.com\/","title":{"rendered":"Startseite"},"content":{"rendered":"<div  id=\"overlappable-4\" style=\"background-color: #ffffff;\" data-label=\"Overlappable\" data-id=\"overlappable-4\" data-export-id=\"overlappable-4\" data-category=\"overlappable\" class=\"overlappable-4 content-section content-section-spacing\" data-overlap=\"true\"><div  class=\"gridContainer\"> <div  data-type=\"row\" class=\"row spaced-cols text-center\"><div  class=\"col-xs-12 col-sm-4 col-padding\"> <i  class=\"fa icon fa-clone large shadow-large-black round aligncenter reverse color1\"><\/i> <div  data-type=\"column\" class=\"\"> <h5  class=\"\">\u00dcbersetzen<\/h5> <p  class=\"\">Fachgerechte und beglaubigte \u00dcbersetzungen aller Textarten. 4-Augen-Prinzip sowie Translation-Memory-Software f\u00fcr h\u00f6chste Qualit\u00e4t.<\/p><\/div> <\/div> <div  class=\"col-xs-12 col-sm-4 col-padding\"> <i  class=\"fa icon shadow-large-black aligncenter color1 fa-microphone reverse round large\"><\/i> <div  data-type=\"column\" class=\"\"><h5  class=\"\">Dolmetschen<\/h5> <p  class=\"\">Simultan-, Konsekutiv- oder Verhandlungsdolmetschen f\u00fcr alle erdenklichen Veranstaltungen und Konferenzen, entweder vor Ort oder per Video\u00fcbertragung. <\/p><\/div> <\/div> <div  class=\"col-xs-12 col-sm-4 col-padding\"> <i  class=\"fa icon shadow-large-black aligncenter color1 fa-comments reverse round large\"><\/i> <div  data-type=\"column\" class=\"\"><h5  class=\"\">Coaching<\/h5> <p  class=\"\">Von der individuellen Betreuung und Nachhilfe bis hin zu Vortr\u00e4gen und Workshops bei Firmenveranstaltungen oder auf Hochschulebene.<\/p><\/div> <\/div><\/div> <\/div><\/div><div  data-label=\"About\" data-id=\"content--1\" data-export-id=\"content-2\" data-category=\"content\" class=\"content-2 content-section content-section-spacing\" id=\"about\" style=\"background-color: rgb(245, 250, 253);\"><div > <div  class=\"row middle-xs\"><div  class=\"col-sm-5 bg-image shadow-large-black\" data-bg=\"image\"><\/div> <div  class=\"col-sm-7 full-col-left-padding full-col-right-padding\"> <div  class=\"row\"> <div  data-type=\"column\" class=\"space-bottom-small content-title-col\"> <h5  class=\"\">\u00dcber mich<\/h5> <h2  class=\"\">Thomas Scharpf<\/h2> <p  class=\"\">Zweisprachiger \u00dcbersetzer und Dolmetscher f\u00fcr Deutsch und Englisch im Allg\u00e4u.<\/p><\/div> <\/div> <div  class=\"row spaced-cols \" data-type=\"row\"> <div  class=\"col-xs-6\" data-type=\"column\"> <h5  class=\"\">Studium<\/h5> <p  class=\"\">Staatlich gepr\u00fcfter \u00dcbersetzer und Dolmetscher mit einem Master of Arts (mit Auszeichnung) im \u00dcbersetzen und Dolmetschen<\/p><\/div> <div  class=\"col-xs-6\" data-type=\"column\"><h5  class=\"\">Berufsverb\u00e4nde und Netzwerk<\/h5> <p  class=\"\">Mitglied im BD\u00dc (Bundesverband der Dolmetscher und \u00dcbersetzer) und unterst\u00fctzt durch ein Netzwerk von ausgebildeten und zuverl\u00e4ssigen Kollegen mit unterschiedlichen Sprachkombinationen und Spezialisierungen. <\/p><\/div> <div  class=\"col-xs-6\" data-type=\"column\"><h5  class=\"\">Spezialsierung<\/h5> <p  class=\"\">Schwerpunkte in den Bereichen Automobilindustrie, Maschinenbau, erneuerbare Energien, IT und Wirtschaft.<\/p><\/div> <div  class=\"col-xs-6\" data-type=\"column\"><h5  class=\"\">Zertifizierung<\/h5> <p  class=\"\">\u00d6ffentlich bestellter und beeidigter \u00dcbersetzer und Dolmetscher am Landgericht Memmingen.<\/p><\/div> <\/div><\/div> <\/div><\/div> <\/div><div  data-label=\"Latest-news\" data-id=\"latest_news--1\" data-export-id=\"blog-section\" data-category=\"latest_news\" class=\"blog-section blog-section-standard content-section content-section-spacing\" id=\"latest_news-1\" style=\"background-color: rgb(245, 250, 253);\"><div  class=\"gridContainer\"> <div  class=\"row\"><div  data-type=\"column\" class=\"section-title-col\"> <h2  class=\"\">Aktuelles<\/h2> <p  class=\"lead\">Aktuelle Informationen \u00fcber Klarton Languages<br > und Entwicklungen in der Branche<\/p><\/div> <\/div> <div  class=\"row\"> <div  data-type=\"row\" data-dynamic-columns=\"handled\" data-content-shortcode=\"mesmerize_latest_news\">\t\t<div class=\"row center-sm content-left-sm\">\n\t\t\t\t\t<div id=\"post-1\" class=\"col-sm-6 col-md-4 space-bottom space-bottom-xs\">\n\t\t\t\t<div class=\"post-content card y-move bordered\">\n\t\t\t\t\t<div class=\"post-thumbnail\">\n   <a href=\"https:\/\/klarton-languages.com\/?p=1\" class=\"post-list-item-thumb \">\n      \n            <svg class=\"mesmerize-post-list-item-thumb-placeholder\" width=\"890\" height=\"580\" viewBox=\"0 0 890 580\"\n         preserveAspectRatio=\"none\">\n         <rect width=\"890\" height=\"580\" style=\"fill:#FF9800;\"><\/rect>\n      <\/svg>\n               <\/a>\n<\/div>\n\t\t\t\t\t<div class=\"col-padding col-padding-xs\">\n\t\t\t\t\t\t<h3 class=\"post-title space-bottom-small\">\n\t\t\t\t\t\t\t<a href=\"https:\/\/klarton-languages.com\/?p=1\" rel=\"bookmark\">\n\t\t\t\t\t\t\t\tHallo Welt!\t\t\t\t\t\t\t<\/a>\n\t\t\t\t\t\t<\/h3>\n\t\t\t\t\t\t<p>Willkommen bei WordPress. Dies ist dein erster Beitrag. Bearbeite oder l\u00f6sche ihn und beginne mit dem Schreiben!<\/p>\n\t\t\t\t\t\t<a class=\"read-more link\" href=\"https:\/\/klarton-languages.com\/?p=1\">\n\t\t\t\t\t\t\tRead more\t\t\t\t\t\t<\/a>\n\t\t\t\t\t<\/div>\n\t\t\t\t<\/div>\n\t\t\t<\/div>\n\t\t\t\t<\/div>\n\t<\/div><\/div> <div  class=\"row\"><div  class=\"text-center\"> <a  class=\"button color1\" data-attr-shortcode=\"href:mesmerize_blog_link\" href=\"https:\/\/klarton-languages.com\/?page_id=376\">Alle Blogartikel<\/a><\/div> <\/div><\/div><\/div><div  id=\"contact-1\" data-label=\"Contact\" data-id=\"contact-1\" data-export-id=\"contact-1\" data-category=\"contact\" class=\"contact-1 content-section content-section-spacing white-text\" data-parallax-depth=\"20\" style=\"background-image: url(&quot;https:\/\/klarton-languages.com\/wp-content\/uploads\/2020\/11\/conference-room-768441_1920-2.jpg&quot;); background-size: cover; background-position: center top;\"><div  class=\"gridContainer\"> <div  class=\"row text-center\"><div  class=\"section-title-col\" data-type=\"column\"> <h2  class=\"\">Kontakt<\/h2> <p  class=\"lead\">Wenn Sie einen professionellen Sprachdienstleister ben\u00f6tigen, stehe ich Ihnen gerne zur Verf\u00fcgung!<\/p><\/div> <\/div> <div  class=\"row text-center\"> <div  class=\"col-xs-12 col-sm-8 col-sm-offset-2 contact-form-wrapper inline-info\"> <div  class=\"card large-padding\"> <div  class=\"\" data-content-shortcode=\"mesmerize_contact_form\" data-editable=\"true\"><p style=\"text-align:center;color:#ababab\">Contact form will be displayed here. To activate it you have to set the \"contact form shortcode\" parameter in Customizer.<\/p><\/div><\/div> <\/div><\/div> <\/div><\/div>","protected":false},"excerpt":{"rendered":"<p>\u00dcbersetzen Fachgerechte und beglaubigte \u00dcbersetzungen aller Textarten. 4-Augen-Prinzip sowie Translation-Memory-Software f\u00fcr h\u00f6chste Qualit\u00e4t. Dolmetschen Simultan-, Konsekutiv- oder Verhandlungsdolmetschen f\u00fcr alle erdenklichen Veranstaltungen und Konferenzen, entweder vor Ort oder per Video\u00fcbertragung.&hellip; <br \/> <a class=\"read-more\" href=\"https:\/\/klarton-languages.com\/?p=1\">Weiterlesen<\/a><\/p>\n","protected":false},"author":1,"featured_media":0,"parent":0,"menu_order":0,"comment_status":"closed","ping_status":"closed","template":"page-templates\/homepage.php","meta":{"footnotes":""},"class_list":["post-227","page","type-page","status-publish","hentry"],"_links":{"self":[{"href":"https:\/\/klarton-languages.com\/index.php?rest_route=\/wp\/v2\/pages\/227","targetHints":{"allow":["GET"]}}],"collection":[{"href":"https:\/\/klarton-languages.com\/index.php?rest_route=\/wp\/v2\/pages"}],"about":[{"href":"https:\/\/klarton-languages.com\/index.php?rest_route=\/wp\/v2\/types\/page"}],"author":[{"embeddable":true,"href":"https:\/\/klarton-languages.com\/index.php?rest_route=\/wp\/v2\/users\/1"}],"replies":[{"embeddable":true,"href":"https:\/\/klarton-languages.com\/index.php?rest_route=%2Fwp%2Fv2%2Fcomments&post=227"}],"version-history":[{"count":7,"href":"https:\/\/klarton-languages.com\/index.php?rest_route=\/wp\/v2\/pages\/227\/revisions"}],"predecessor-version":[{"id":397,"href":"https:\/\/klarton-languages.com\/index.php?rest_route=\/wp\/v2\/pages\/227\/revisions\/397"}],"wp:attachment":[{"href":"https:\/\/klarton-languages.com\/index.php?rest_route=%2Fwp%2Fv2%2Fmedia&parent=227"}],"curies":[{"name":"wp","href":"https:\/\/api.w.org\/{rel}","templated":true}]}}