{"id":252,"date":"2020-11-30T13:41:04","date_gmt":"2020-11-30T12:41:04","guid":{"rendered":"https:\/\/klartonlanguages.live-website.com\/?page_id=252"},"modified":"2021-02-16T15:10:17","modified_gmt":"2021-02-16T14:10:17","slug":"interpreting","status":"publish","type":"page","link":"https:\/\/klarton-languages.com\/?page_id=252","title":{"rendered":"Dolmetschen"},"content":{"rendered":"\n<section class=\"wp-block-themeisle-blocks-advanced-columns alignfull has-1-columns has-desktop-equal-layout has-tablet-equal-layout has-mobile-equal-layout has-nogap-gap has-vertical-flex-start\" id=\"wp-block-themeisle-blocks-advanced-columns-94dec1f4\"><div class=\"wp-block-themeisle-blocks-advanced-columns-overlay\"><\/div><div class=\"innerblocks-wrap\">\n<div class=\"wp-block-themeisle-blocks-advanced-column\" id=\"wp-block-themeisle-blocks-advanced-column-7b0444df\">\n<section class=\"wp-block-themeisle-blocks-advanced-columns has-2-columns has-desktop-equal-layout has-tablet-equal-layout has-mobile-collapsedRows-layout has-nogap-gap has-vertical-center has-reverse-columns-mobile\" id=\"wp-block-themeisle-blocks-advanced-columns-1727ab75\"><div class=\"wp-block-themeisle-blocks-advanced-columns-overlay\"><\/div><div class=\"innerblocks-wrap\">\n<div class=\"wp-block-themeisle-blocks-advanced-column\" id=\"wp-block-themeisle-blocks-advanced-column-28d31c74\">\n<div id=\"wp-block-themeisle-blocks-advanced-heading-ea62c2ae\" class=\"wp-block-themeisle-blocks-advanced-heading wp-block-themeisle-blocks-advanced-heading-ea62c2ae\"><\/div>\n\n\n\n<h2 class=\"has-text-align-left wp-block-heading\">Simultan<\/h2>\n\n\n\n<p class=\"has-text-align-left\">Simultandolmetscher \u00fcbertragen das in einer Ausgangssprache Gesagte unmittelbar nach dem H\u00f6ren in eine Zielsprache. Sie ben\u00f6tigen spezielle Ausr\u00fcstung wie Dolmetscherkabinen oder Personenf\u00fchrungsanlagen. Da es einer der anstrengendsten Berufe ist, arbeiten diese Dolmetscher in der Regel zu zweit und wechseln sich in einem Rhythmus von etwa 25 Minuten ab.<\/p>\n<\/div>\n\n\n\n<div class=\"wp-block-themeisle-blocks-advanced-column\" id=\"wp-block-themeisle-blocks-advanced-column-f968dc4e\">\n<figure class=\"wp-block-image size-large ticss-0c5bbe67\"><img loading=\"lazy\" decoding=\"async\" width=\"1024\" height=\"683\" src=\"https:\/\/klarton-languages.com\/wp-content\/uploads\/2020\/11\/microphone-704257_1920-2-1024x683.jpg\" alt=\"\" class=\"wp-image-14\" srcset=\"https:\/\/klarton-languages.com\/wp-content\/uploads\/2020\/11\/microphone-704257_1920-2-1024x683.jpg 1024w, https:\/\/klarton-languages.com\/wp-content\/uploads\/2020\/11\/microphone-704257_1920-2-300x200.jpg 300w, https:\/\/klarton-languages.com\/wp-content\/uploads\/2020\/11\/microphone-704257_1920-2-768x512.jpg 768w, https:\/\/klarton-languages.com\/wp-content\/uploads\/2020\/11\/microphone-704257_1920-2-1536x1024.jpg 1536w, https:\/\/klarton-languages.com\/wp-content\/uploads\/2020\/11\/microphone-704257_1920-2-360x240.jpg 360w, https:\/\/klarton-languages.com\/wp-content\/uploads\/2020\/11\/microphone-704257_1920-2.jpg 1920w\" sizes=\"auto, (max-width: 1024px) 100vw, 1024px\" \/><\/figure>\n<\/div>\n<\/div><\/section>\n\n\n\n<section class=\"wp-block-themeisle-blocks-advanced-columns has-2-columns has-desktop-equal-layout has-tablet-equal-layout has-mobile-collapsedRows-layout has-nogap-gap has-vertical-center\" id=\"wp-block-themeisle-blocks-advanced-columns-696626d6\"><div class=\"wp-block-themeisle-blocks-advanced-columns-overlay\"><\/div><div class=\"innerblocks-wrap\">\n<div class=\"wp-block-themeisle-blocks-advanced-column\" id=\"wp-block-themeisle-blocks-advanced-column-ee624f6a\">\n<figure class=\"wp-block-image size-large ticss-fab6ef94\"><img loading=\"lazy\" decoding=\"async\" width=\"1024\" height=\"683\" src=\"https:\/\/klarton-languages.com\/wp-content\/uploads\/2020\/11\/taking-notes-3475991_1920-2-1024x683.jpg\" alt=\"\" class=\"wp-image-18\" srcset=\"https:\/\/klarton-languages.com\/wp-content\/uploads\/2020\/11\/taking-notes-3475991_1920-2-1024x683.jpg 1024w, https:\/\/klarton-languages.com\/wp-content\/uploads\/2020\/11\/taking-notes-3475991_1920-2-300x200.jpg 300w, https:\/\/klarton-languages.com\/wp-content\/uploads\/2020\/11\/taking-notes-3475991_1920-2-768x512.jpg 768w, https:\/\/klarton-languages.com\/wp-content\/uploads\/2020\/11\/taking-notes-3475991_1920-2-1536x1024.jpg 1536w, https:\/\/klarton-languages.com\/wp-content\/uploads\/2020\/11\/taking-notes-3475991_1920-2-360x240.jpg 360w, https:\/\/klarton-languages.com\/wp-content\/uploads\/2020\/11\/taking-notes-3475991_1920-2.jpg 1920w\" sizes=\"auto, (max-width: 1024px) 100vw, 1024px\" \/><\/figure>\n<\/div>\n\n\n\n<div class=\"wp-block-themeisle-blocks-advanced-column\" id=\"wp-block-themeisle-blocks-advanced-column-40861855\">\n<div id=\"wp-block-themeisle-blocks-advanced-heading-e301d4d0\" class=\"wp-block-themeisle-blocks-advanced-heading wp-block-themeisle-blocks-advanced-heading-e301d4d0\"><\/div>\n\n\n\n<h2 class=\"has-text-align-left wp-block-heading\">Konsekutiv<\/h2>\n\n\n\n<p>Konsekutivdolmetscher dolmetschen mit einer speziellen Notizentechnik Redeeinheiten von bis zu 10 Minuten, die im Anschluss an den Redner vorgetragen werden. Dies dauert etwa doppelt so lange wie das Simultandolmetschen, was bei der Planung einer Veranstaltung ber\u00fccksichtigt werden sollte.<\/p>\n<\/div>\n<\/div><\/section>\n<\/div>\n<\/div><\/section>\n\n\n\n<section class=\"wp-block-themeisle-blocks-advanced-columns alignfull has-2-columns has-desktop-equal-layout has-tablet-collapsedRows-layout has-mobile-collapsedRows-layout has-nogap-gap has-vertical-flex-start\" id=\"wp-block-themeisle-blocks-advanced-columns-79d6092c\"><div class=\"wp-block-themeisle-blocks-advanced-columns-overlay\"><\/div><div class=\"innerblocks-wrap\">\n<div class=\"wp-block-themeisle-blocks-advanced-column\" id=\"wp-block-themeisle-blocks-advanced-column-5dbf4be4\">\n<h2 class=\"has-text-align-left has-white-color has-text-color wp-block-heading\">Weitere Optionen<\/h2>\n\n\n\n<p class=\"has-text-align-left has-white-color has-text-color\">Weitere Informationen zu meinen Dolmetschleistungen<\/p>\n\n\n\n<div class=\"wp-block-buttons is-layout-flex wp-block-buttons-is-layout-flex\">\n<div class=\"wp-block-button is-style-primary\"><a class=\"wp-block-button__link\">Ich ben\u00f6tige einen Dolmetscher<\/a><\/div>\n<\/div>\n<\/div>\n\n\n\n<div class=\"wp-block-themeisle-blocks-advanced-column\" id=\"wp-block-themeisle-blocks-advanced-column-1e9129b1\">\n<section class=\"wp-block-themeisle-blocks-advanced-columns has-2-columns has-desktop-equal-layout has-tablet-equal-layout has-mobile-collapsedRows-layout has-wide-gap has-vertical-center\" id=\"wp-block-themeisle-blocks-advanced-columns-200149bb\"><div class=\"wp-block-themeisle-blocks-advanced-columns-overlay\"><\/div><div class=\"innerblocks-wrap\">\n<div class=\"wp-block-themeisle-blocks-advanced-column\" id=\"wp-block-themeisle-blocks-advanced-column-77bdd628\">\n<h3 class=\"has-text-align-left wp-block-heading\">Remote <\/h3>\n\n\n\n<p class=\"has-text-align-left\">Verdolmetschung Ihres Gespr\u00e4chs oder Ihrer Veranstaltung mithilfe von Online-Konferenz-Tools wie Teams und Zoom oder spezialisierten Remote-Dolmetscher-Clients wie Interprefy und Voiceboxer.<\/p>\n<\/div>\n\n\n\n<div class=\"wp-block-themeisle-blocks-advanced-column\" id=\"wp-block-themeisle-blocks-advanced-column-48c857fd\">\n<h3 class=\"has-text-align-left wp-block-heading\">Im Gespr\u00e4ch<\/h3>\n\n\n\n<p class=\"has-text-align-left\">Das Verhandlungsdolmetschen ist eine Unterkategorie des Konsekutivdolmetschens und wird z.B. bei Besprechungen oder in Gespr\u00e4chen eingesetzt. Der Dolmetscher sitzt in der Regel zwischen den Gespr\u00e4chspartnern.<\/p>\n<\/div>\n<\/div><\/section>\n\n\n\n<section class=\"wp-block-themeisle-blocks-advanced-columns has-2-columns has-desktop-equal-layout has-tablet-equal-layout has-mobile-collapsedRows-layout has-wide-gap has-vertical-center\" id=\"wp-block-themeisle-blocks-advanced-columns-df2c4822\"><div class=\"wp-block-themeisle-blocks-advanced-columns-overlay\"><\/div><div class=\"innerblocks-wrap\">\n<div class=\"wp-block-themeisle-blocks-advanced-column\" id=\"wp-block-themeisle-blocks-advanced-column-32854ca4\">\n<h3 class=\"has-text-align-left wp-block-heading\">Qualit\u00e4tssicherung<\/h3>\n\n\n\n<p class=\"has-text-align-left\">Als Muttersprachler und ausgebildeter Dolmetscher ist es mein Ziel, die Bedeutung des Gesagten idiomatisch, pr\u00e4zise und kompetent wiederzugeben. Bei langen Eins\u00e4tzen und Simultanauftr\u00e4gen arbeiten mehrere Dolmetscher zusammen und unterst\u00fctzen sich gegenseitig, um den ganzen Tag \u00fcber H\u00f6chstleistungen erbringen zu k\u00f6nnen.<\/p>\n<\/div>\n\n\n\n<div class=\"wp-block-themeisle-blocks-advanced-column\" id=\"wp-block-themeisle-blocks-advanced-column-5e6d899c\">\n<h3 class=\"has-text-align-left wp-block-heading\">Technik<\/h3>\n\n\n\n<p class=\"has-text-align-left\">Dolmetscher ben\u00f6tigen spezielle Ausr\u00fcstung, um ihr volles Potenzial aussch\u00f6pfen zu k\u00f6nnen. Dolmetscherkabinen und Personenf\u00fchrungsanlagen sorgen f\u00fcr optimale H\u00f6rbarkeit und reibungslose Kommunikation. Bitte setzen Sie sich mit mir in Verbindung, um zu erfahren, welche Technik Sie f\u00fcr Ihre Veranstaltung ben\u00f6tigen.<\/p>\n<\/div>\n<\/div><\/section>\n<\/div>\n<\/div><\/section>\n\n\n\n<p><\/p>\n","protected":false},"excerpt":{"rendered":"","protected":false},"author":1,"featured_media":0,"parent":0,"menu_order":0,"comment_status":"closed","ping_status":"closed","template":"","meta":{"footnotes":""},"class_list":["post-252","page","type-page","status-publish","hentry"],"_links":{"self":[{"href":"https:\/\/klarton-languages.com\/index.php?rest_route=\/wp\/v2\/pages\/252","targetHints":{"allow":["GET"]}}],"collection":[{"href":"https:\/\/klarton-languages.com\/index.php?rest_route=\/wp\/v2\/pages"}],"about":[{"href":"https:\/\/klarton-languages.com\/index.php?rest_route=\/wp\/v2\/types\/page"}],"author":[{"embeddable":true,"href":"https:\/\/klarton-languages.com\/index.php?rest_route=\/wp\/v2\/users\/1"}],"replies":[{"embeddable":true,"href":"https:\/\/klarton-languages.com\/index.php?rest_route=%2Fwp%2Fv2%2Fcomments&post=252"}],"version-history":[{"count":16,"href":"https:\/\/klarton-languages.com\/index.php?rest_route=\/wp\/v2\/pages\/252\/revisions"}],"predecessor-version":[{"id":426,"href":"https:\/\/klarton-languages.com\/index.php?rest_route=\/wp\/v2\/pages\/252\/revisions\/426"}],"wp:attachment":[{"href":"https:\/\/klarton-languages.com\/index.php?rest_route=%2Fwp%2Fv2%2Fmedia&parent=252"}],"curies":[{"name":"wp","href":"https:\/\/api.w.org\/{rel}","templated":true}]}}