{"id":260,"date":"2020-11-30T16:56:47","date_gmt":"2020-11-30T15:56:47","guid":{"rendered":"https:\/\/klartonlanguages.live-website.com\/?page_id=260"},"modified":"2021-02-16T15:41:05","modified_gmt":"2021-02-16T14:41:05","slug":"translation","status":"publish","type":"page","link":"https:\/\/klarton-languages.com\/?page_id=260","title":{"rendered":"\u00dcbersetzung"},"content":{"rendered":"\n<section class=\"wp-block-themeisle-blocks-advanced-columns alignfull has-1-columns has-desktop-equal-layout has-tablet-equal-layout has-mobile-equal-layout has-nogap-gap has-vertical-flex-start\" id=\"wp-block-themeisle-blocks-advanced-columns-335a2f03\"><div class=\"wp-block-themeisle-blocks-advanced-columns-overlay\"><\/div><div class=\"innerblocks-wrap\">\n<div class=\"wp-block-themeisle-blocks-advanced-column\" id=\"wp-block-themeisle-blocks-advanced-column-5d90343f\">\n<section class=\"wp-block-themeisle-blocks-advanced-columns has-2-columns has-desktop-equal-layout has-tablet-equal-layout has-mobile-collapsedRows-layout has-nogap-gap has-vertical-flex-start\" id=\"wp-block-themeisle-blocks-advanced-columns-b2ead1d6\"><div class=\"wp-block-themeisle-blocks-advanced-columns-overlay\"><\/div><div class=\"innerblocks-wrap\">\n<div class=\"wp-block-themeisle-blocks-advanced-column\" id=\"wp-block-themeisle-blocks-advanced-column-7c705a1c\">\n<div id=\"wp-block-themeisle-blocks-advanced-heading-ea5e7576\" class=\"wp-block-themeisle-blocks-advanced-heading wp-block-themeisle-blocks-advanced-heading-ea5e7576\"><strong>\u00dcbersetzung<\/strong><\/div>\n\n\n\n<h2 class=\"has-text-align-left wp-block-heading\">Warum Klarton Languages?<\/h2>\n\n\n\n<p class=\"has-text-align-left\">\u00dcbersetzungen jeglicher Art von Text oder audiovisuellen Inhalten, einschlie\u00dflich Websites, offizieller Dokumente, B\u00fccher und Publikationen, Bedienungsanleitungen, Korrespondenz, Abschriften, Untertitel usw.<\/p>\n\n\n\n<p>Mein Hauptziel ist es, \u00dcbersetzungen auf h\u00f6chstem Niveau zu liefern, wobei ich besonderen Wert auf Genauigkeit und ein nat\u00fcrliches Gef\u00fchl lege, das nur von einem Muttersprachler erreicht werden kann. Mit meinem professionellen Workflow und der Betonung auf zwischenmenschlichen Beziehungen m\u00f6chte ich langfristige Partnerschaften aufbauen, die auf Qualit\u00e4t und Zuverl\u00e4ssigkeit bauen.<\/p>\n\n\n\n<div class=\"wp-block-buttons is-layout-flex wp-block-buttons-is-layout-flex\">\n<div class=\"wp-block-button is-style-primary is-style-fill\"><a class=\"wp-block-button__link has-black-color has-vivid-cyan-blue-background-color has-text-color has-background\">Ich brauche eine \u00dcbersetzung<\/a><\/div>\n<\/div>\n<\/div>\n\n\n\n<div class=\"wp-block-themeisle-blocks-advanced-column\" id=\"wp-block-themeisle-blocks-advanced-column-5f9a9ec0\">\n<figure class=\"wp-block-image size-large\"><img loading=\"lazy\" decoding=\"async\" width=\"1024\" height=\"683\" src=\"https:\/\/klarton-languages.com\/wp-content\/uploads\/2020\/12\/book-3301439_1920-1024x683.jpg\" alt=\"\" class=\"wp-image-335\" srcset=\"https:\/\/klarton-languages.com\/wp-content\/uploads\/2020\/12\/book-3301439_1920-1024x683.jpg 1024w, https:\/\/klarton-languages.com\/wp-content\/uploads\/2020\/12\/book-3301439_1920-300x200.jpg 300w, https:\/\/klarton-languages.com\/wp-content\/uploads\/2020\/12\/book-3301439_1920-768x512.jpg 768w, https:\/\/klarton-languages.com\/wp-content\/uploads\/2020\/12\/book-3301439_1920-1536x1024.jpg 1536w, https:\/\/klarton-languages.com\/wp-content\/uploads\/2020\/12\/book-3301439_1920-1620x1080.jpg 1620w, https:\/\/klarton-languages.com\/wp-content\/uploads\/2020\/12\/book-3301439_1920.jpg 1920w\" sizes=\"auto, (max-width: 1024px) 100vw, 1024px\" \/><\/figure>\n<\/div>\n<\/div><\/section>\n\n\n\n<section class=\"wp-block-themeisle-blocks-advanced-columns has-3-columns has-desktop-equal-layout has-tablet-equal-layout has-mobile-collapsedRows-layout has-nogap-gap has-vertical-flex-start\" id=\"wp-block-themeisle-blocks-advanced-columns-8e7cc7ae\"><div class=\"wp-block-themeisle-blocks-advanced-columns-overlay\"><\/div><div class=\"innerblocks-wrap\">\n<div class=\"wp-block-themeisle-blocks-advanced-column\" id=\"wp-block-themeisle-blocks-advanced-column-725f10a7\">\n<h3 class=\"has-text-align-left wp-block-heading\">\u00dcbersetzungsbezogene Dienste<\/h3>\n\n\n\n<p class=\"has-text-align-left\">Neben klassischen \u00dcbersetzungen biete ich auch weiterf\u00fchrende Dienstleistungen wie Lokalisierung, Untertitelung, Synchronisation und Voice-over, Lektorat und Korrektorat sowie Terminologiemanagement an.<\/p>\n<\/div>\n\n\n\n<div class=\"wp-block-themeisle-blocks-advanced-column\" id=\"wp-block-themeisle-blocks-advanced-column-3c67f726\">\n<h3 class=\"has-text-align-left wp-block-heading\">Qualit\u00e4tssicherung<\/h3>\n\n\n\n<p class=\"has-text-align-left\">Um h\u00f6chste Qualit\u00e4tsstandards zu gew\u00e4hrleisten wird jede \u00dcbersetzung von einem weiteren geschulten und zuverl\u00e4ssigen \u00dcbersetzer begutachtet, bevor sie verschickt wird. W\u00e4hrend des \u00dcbersetzungsprozesses wird f\u00fcr einen optimierten Arbeitsablauf Translation Memory eingesetzt, sodass jeder Termin p\u00fcnktlich eingehalten werden kann.<\/p>\n<\/div>\n\n\n\n<div class=\"wp-block-themeisle-blocks-advanced-column\" id=\"wp-block-themeisle-blocks-advanced-column-4956dbc0\">\n<h3 class=\"has-text-align-left wp-block-heading\">Spezialisierung<\/h3>\n\n\n\n<p>Meine Schwerpunkte liegen in den Bereichen Automobilindustrie, Maschinenbau, erneuerbare Energien, IT und Wirtschaft. Sollte ein Auftrag Expertenwissen in einem bestimmten Bereich erfordern, sprechen Sie mich bitte an, damit ich ihn bei Bedarf an einen erfahrenen Kollegen aus meinem Team weitergeben kann, dessen Expertise besser zu der Aufgabe passt.<\/p>\n<\/div>\n<\/div><\/section>\n<\/div>\n<\/div><\/section>\n","protected":false},"excerpt":{"rendered":"","protected":false},"author":1,"featured_media":15,"parent":0,"menu_order":0,"comment_status":"closed","ping_status":"closed","template":"","meta":{"footnotes":""},"class_list":["post-260","page","type-page","status-publish","has-post-thumbnail","hentry"],"_links":{"self":[{"href":"https:\/\/klarton-languages.com\/index.php?rest_route=\/wp\/v2\/pages\/260","targetHints":{"allow":["GET"]}}],"collection":[{"href":"https:\/\/klarton-languages.com\/index.php?rest_route=\/wp\/v2\/pages"}],"about":[{"href":"https:\/\/klarton-languages.com\/index.php?rest_route=\/wp\/v2\/types\/page"}],"author":[{"embeddable":true,"href":"https:\/\/klarton-languages.com\/index.php?rest_route=\/wp\/v2\/users\/1"}],"replies":[{"embeddable":true,"href":"https:\/\/klarton-languages.com\/index.php?rest_route=%2Fwp%2Fv2%2Fcomments&post=260"}],"version-history":[{"count":12,"href":"https:\/\/klarton-languages.com\/index.php?rest_route=\/wp\/v2\/pages\/260\/revisions"}],"predecessor-version":[{"id":435,"href":"https:\/\/klarton-languages.com\/index.php?rest_route=\/wp\/v2\/pages\/260\/revisions\/435"}],"wp:featuredmedia":[{"embeddable":true,"href":"https:\/\/klarton-languages.com\/index.php?rest_route=\/wp\/v2\/media\/15"}],"wp:attachment":[{"href":"https:\/\/klarton-languages.com\/index.php?rest_route=%2Fwp%2Fv2%2Fmedia&parent=260"}],"curies":[{"name":"wp","href":"https:\/\/api.w.org\/{rel}","templated":true}]}}