{"id":328,"date":"2020-12-08T18:11:09","date_gmt":"2020-12-08T17:11:09","guid":{"rendered":"https:\/\/klartonlanguages.live-website.com\/?page_id=328"},"modified":"2021-02-16T15:37:48","modified_gmt":"2021-02-16T14:37:48","slug":"teaching","status":"publish","type":"page","link":"https:\/\/klarton-languages.com\/?page_id=328","title":{"rendered":"Coaching"},"content":{"rendered":"\n<section class=\"wp-block-themeisle-blocks-advanced-columns alignfull has-1-columns has-desktop-equal-layout has-tablet-equal-layout has-mobile-equal-layout has-nogap-gap has-vertical-flex-start\" id=\"wp-block-themeisle-blocks-advanced-columns-335a2f03\"><div class=\"wp-block-themeisle-blocks-advanced-columns-overlay\"><\/div><div class=\"innerblocks-wrap\">\n<div class=\"wp-block-themeisle-blocks-advanced-column\" id=\"wp-block-themeisle-blocks-advanced-column-5d90343f\">\n<section class=\"wp-block-themeisle-blocks-advanced-columns has-2-columns has-desktop-equal-layout has-tablet-equal-layout has-mobile-collapsedRows-layout has-nogap-gap has-vertical-flex-start\" id=\"wp-block-themeisle-blocks-advanced-columns-b2ead1d6\"><div class=\"wp-block-themeisle-blocks-advanced-columns-overlay\"><\/div><div class=\"innerblocks-wrap\">\n<div class=\"wp-block-themeisle-blocks-advanced-column\" id=\"wp-block-themeisle-blocks-advanced-column-7c705a1c\">\n<h2 class=\"has-text-align-left wp-block-heading\">Lernen, ausbauen, anwenden<\/h2>\n\n\n\n<p class=\"has-text-align-left\">Als ausgebildeter Sprachdienstleister m\u00f6chte ich nicht nur der Vermittler einer effektiven Kommunikation sein, sondern auch mein Wissen an andere weitergeben und so jedem erm\u00f6glichen, sich in neuen Kulturen zu verst\u00e4ndigen.<\/p>\n\n\n\n<p>Seit einigen Jahren konzentriere ich mich auf den Einzelunterricht f\u00fcr Studierende und Menschen, die aus verschiedenen Gr\u00fcnden ihre Sprachkenntnisse verbessern wollen.<\/p>\n\n\n\n<p>Da ich in dieser Zeit auch viel gelernt habe, haben sich meine Lehrmethoden weiterentwickelt, so dass ich den n\u00e4chsten Schritt gehen konnte. Ich bin offizieller Dozent f\u00fcr Englisch f\u00fcr Tourismusmanagement an der Hochschule f\u00fcr angewandte Wissenschaften in Kempten.<\/p>\n\n\n\n<p>F\u00fcr fortgeschrittene Englischsprechende biete ich auch professionelle Beratung f\u00fcr alle speziellen Bed\u00fcrfnisse an. <\/p>\n\n\n\n<div class=\"wp-block-buttons is-layout-flex wp-block-buttons-is-layout-flex\">\n<div class=\"wp-block-button is-style-primary\"><a class=\"wp-block-button__link has-black-color has-vivid-cyan-blue-background-color has-text-color has-background\">Individuelles Angebot<\/a><\/div>\n<\/div>\n<\/div>\n\n\n\n<div class=\"wp-block-themeisle-blocks-advanced-column\" id=\"wp-block-themeisle-blocks-advanced-column-5f9a9ec0\">\n<figure class=\"wp-block-image size-full is-style-default\"><img loading=\"lazy\" decoding=\"async\" width=\"1920\" height=\"1280\" src=\"https:\/\/klarton-languages.com\/wp-content\/uploads\/2020\/12\/room-2192484_1920.jpg\" alt=\"\" class=\"wp-image-331\" srcset=\"https:\/\/klarton-languages.com\/wp-content\/uploads\/2020\/12\/room-2192484_1920.jpg 1920w, https:\/\/klarton-languages.com\/wp-content\/uploads\/2020\/12\/room-2192484_1920-300x200.jpg 300w, https:\/\/klarton-languages.com\/wp-content\/uploads\/2020\/12\/room-2192484_1920-1024x683.jpg 1024w, https:\/\/klarton-languages.com\/wp-content\/uploads\/2020\/12\/room-2192484_1920-768x512.jpg 768w, https:\/\/klarton-languages.com\/wp-content\/uploads\/2020\/12\/room-2192484_1920-1536x1024.jpg 1536w, https:\/\/klarton-languages.com\/wp-content\/uploads\/2020\/12\/room-2192484_1920-1620x1080.jpg 1620w\" sizes=\"auto, (max-width: 1920px) 100vw, 1920px\" \/><\/figure>\n<\/div>\n<\/div><\/section>\n\n\n\n<section class=\"wp-block-themeisle-blocks-advanced-columns has-3-columns has-desktop-equal-layout has-tablet-equal-layout has-mobile-collapsedRows-layout has-nogap-gap has-vertical-flex-start\" id=\"wp-block-themeisle-blocks-advanced-columns-8e7cc7ae\"><div class=\"wp-block-themeisle-blocks-advanced-columns-overlay\"><\/div><div class=\"innerblocks-wrap\">\n<div class=\"wp-block-themeisle-blocks-advanced-column\" id=\"wp-block-themeisle-blocks-advanced-column-725f10a7\">\n<h3 class=\"has-text-align-left wp-block-heading\">Einzelunterricht<\/h3>\n\n\n\n<p class=\"has-text-align-left\">Einzelunterricht in Person zum Erlernen und Verbessern Ihrer Englischkenntnisse.<\/p>\n<\/div>\n\n\n\n<div class=\"wp-block-themeisle-blocks-advanced-column\" id=\"wp-block-themeisle-blocks-advanced-column-3c67f726\">\n<h3 class=\"has-text-align-left wp-block-heading\">Vortr\u00e4ge<\/h3>\n\n\n\n<p class=\"has-text-align-left\">Fortgeschrittene Lehr- und Vortragst\u00e4tigkeit, entweder auf Hochschulniveau oder in Workshops und Schulungsveranstaltungen f\u00fcr Ihr Unternehmen.<\/p>\n<\/div>\n\n\n\n<div class=\"wp-block-themeisle-blocks-advanced-column\" id=\"wp-block-themeisle-blocks-advanced-column-4956dbc0\">\n<h3 class=\"has-text-align-left wp-block-heading\">Individuelle Beratung<\/h3>\n\n\n\n<p class=\"has-text-align-left\">Ausf\u00fchrliche Beratung und Unterst\u00fctzung bei gesch\u00e4ftlicher Korrespondenz, akademischem Schreiben und interkultureller Kommunikation.<\/p>\n<\/div>\n<\/div><\/section>\n<\/div>\n<\/div><\/section>\n\n\n\n<p><\/p>\n","protected":false},"excerpt":{"rendered":"","protected":false},"author":1,"featured_media":11,"parent":0,"menu_order":0,"comment_status":"closed","ping_status":"closed","template":"","meta":{"footnotes":""},"class_list":["post-328","page","type-page","status-publish","has-post-thumbnail","hentry"],"_links":{"self":[{"href":"https:\/\/klarton-languages.com\/index.php?rest_route=\/wp\/v2\/pages\/328","targetHints":{"allow":["GET"]}}],"collection":[{"href":"https:\/\/klarton-languages.com\/index.php?rest_route=\/wp\/v2\/pages"}],"about":[{"href":"https:\/\/klarton-languages.com\/index.php?rest_route=\/wp\/v2\/types\/page"}],"author":[{"embeddable":true,"href":"https:\/\/klarton-languages.com\/index.php?rest_route=\/wp\/v2\/users\/1"}],"replies":[{"embeddable":true,"href":"https:\/\/klarton-languages.com\/index.php?rest_route=%2Fwp%2Fv2%2Fcomments&post=328"}],"version-history":[{"count":4,"href":"https:\/\/klarton-languages.com\/index.php?rest_route=\/wp\/v2\/pages\/328\/revisions"}],"predecessor-version":[{"id":433,"href":"https:\/\/klarton-languages.com\/index.php?rest_route=\/wp\/v2\/pages\/328\/revisions\/433"}],"wp:featuredmedia":[{"embeddable":true,"href":"https:\/\/klarton-languages.com\/index.php?rest_route=\/wp\/v2\/media\/11"}],"wp:attachment":[{"href":"https:\/\/klarton-languages.com\/index.php?rest_route=%2Fwp%2Fv2%2Fmedia&parent=328"}],"curies":[{"name":"wp","href":"https:\/\/api.w.org\/{rel}","templated":true}]}}